{"id":990826,"date":"2024-04-19T12:38:36","date_gmt":"2024-11-28T07:52:36","guid":{"rendered":"https:\/\/www.kasnyikwine.sk\/?post_type=product&#038;p=990826"},"modified":"2024-11-29T14:47:32","modified_gmt":"2024-11-29T13:47:32","slug":"sauvignon-blanc-2023","status":"publish","type":"product","link":"https:\/\/www.kasnyikwine.sk\/hu\/produkt\/sauvignon-blanc-2023\/","title":{"rendered":"Sauvignon blanc 2023"},"content":{"rendered":"\t\t<div data-elementor-type=\"product-post\" data-elementor-id=\"990826\" class=\"elementor elementor-990826 elementor-990825\" data-elementor-post-type=\"product\">\n\t\t\t\t\t\t\t\t\t<section class=\"elementor-section elementor-top-section elementor-element elementor-element-567d438 elementor-section-boxed elementor-section-height-default elementor-section-height-default\" data-id=\"567d438\" data-element_type=\"section\">\n\t\t\t\t\t\t<div class=\"elementor-container elementor-column-gap-default\">\n\t\t\t\t\t<div class=\"elementor-column elementor-col-100 elementor-top-column elementor-element elementor-element-4d5e604\" data-id=\"4d5e604\" data-element_type=\"column\">\n\t\t\t<div class=\"elementor-widget-wrap elementor-element-populated\">\n\t\t\t\t\t\t\t\t<div class=\"elementor-element elementor-element-8728d74 elementor-widget elementor-widget-heading\" data-id=\"8728d74\" data-element_type=\"widget\" data-widget_type=\"heading.default\">\n\t\t\t\t<div class=\"elementor-widget-container\">\n\t\t\t<style>\/*! elementor - v3.17.0 - 08-11-2023 *\/\n.elementor-heading-title{padding:0;margin:0;line-height:1}.elementor-widget-heading .elementor-heading-title[class*=elementor-size-]>a{color:inherit;font-size:inherit;line-height:inherit}.elementor-widget-heading .elementor-heading-title.elementor-size-small{font-size:15px}.elementor-widget-heading .elementor-heading-title.elementor-size-medium{font-size:19px}.elementor-widget-heading .elementor-heading-title.elementor-size-large{font-size:29px}.elementor-widget-heading .elementor-heading-title.elementor-size-xl{font-size:39px}.elementor-widget-heading .elementor-heading-title.elementor-size-xxl{font-size:59px}<\/style><h5 class=\"elementor-heading-title elementor-size-default\">Le\u00edr\u00e1s<\/h5>\t\t<\/div>\n\t\t\t\t<\/div>\n\t\t\t\t<div class=\"elementor-element elementor-element-77e7d01 elementor-widget elementor-widget-text-editor\" data-id=\"77e7d01\" data-element_type=\"widget\" data-widget_type=\"text-editor.default\">\n\t\t\t\t<div class=\"elementor-widget-container\">\n\t\t\t<style>\/*! elementor - v3.17.0 - 08-11-2023 *\/\n.elementor-widget-text-editor.elementor-drop-cap-view-stacked .elementor-drop-cap{background-color:#69727d;color:#fff}.elementor-widget-text-editor.elementor-drop-cap-view-framed .elementor-drop-cap{color:#69727d;border:3px solid;background-color:transparent}.elementor-widget-text-editor:not(.elementor-drop-cap-view-default) .elementor-drop-cap{margin-top:8px}.elementor-widget-text-editor:not(.elementor-drop-cap-view-default) .elementor-drop-cap-letter{width:1em;height:1em}.elementor-widget-text-editor .elementor-drop-cap{float:left;text-align:center;line-height:1;font-size:50px}.elementor-widget-text-editor .elementor-drop-cap-letter{display:inline-block}<\/style>\t\t\t\t<p>HAGYOM\u00c1NYOS ELJ\u00c1R\u00c1SOK MELETT MINDENNEM\u0170 HOZZ\u00c1ADOTT SEG\u00c9DANYAG N\u00c9LK\u00dcL <span style=\"color: var(--vamtam-primary-font-color); letter-spacing: var(--vamtam-primary-font-letter-spacing-desktop,normal); text-transform: var(--vamtam-primary-font-transform,none);\">K\u00c9SZ\u00dcLT ORGANIKUS F\u00c9L\u00c9DES FEH\u00c9R BOR.<\/span><\/p><p>DER\u00cdTETLEN.<\/p>\t\t\t\t\t\t<\/div>\n\t\t\t\t<\/div>\n\t\t\t\t<div class=\"elementor-element elementor-element-4c6c34a elementor-widget__width-initial elementor-widget elementor-widget-heading\" data-id=\"4c6c34a\" data-element_type=\"widget\" data-widget_type=\"heading.default\">\n\t\t\t\t<div class=\"elementor-widget-container\">\n\t\t\t<h5 class=\"elementor-heading-title elementor-size-default\"><span style=\"font-family: &quot;Cormorant Infant&quot;, sans-serif; font-size: var( --e-global-typography-vamtam_h5-font-size ); font-style: normal; font-variant-ligatures: normal; font-variant-caps: normal; font-weight: var( --e-global-typography-vamtam_h5-font-weight );\">Jellemz\u0151k \u00e9s param\u00e9terek<\/span><\/h5>\t\t<\/div>\n\t\t\t\t<\/div>\n\t\t\t\t<div class=\"elementor-element elementor-element-01ba9c0 elementor-widget elementor-widget-text-editor\" data-id=\"01ba9c0\" data-element_type=\"widget\" data-widget_type=\"text-editor.default\">\n\t\t\t\t<div class=\"elementor-widget-container\">\n\t\t\t\t\t\t\t<p><strong>Sz\u0151l\u0151 fajt\u00e1ja:<\/strong> Sauvignon blanc<br \/><strong>D\u0171l\u0151:<\/strong> El\u0151hegy<br \/><strong>\u00dcltetv\u00e9ny kora- \u00e9vben:<\/strong> 10<br \/><strong>Sz\u00fcret id\u0151pontja:<\/strong> 9.10.2023<br \/><strong>Sz\u00fcretkori mustfok:<\/strong> 27,00 NM \u00b0<br \/><strong>H\u00e9jon \u00e1ztat\u00e1s ideje:<\/strong> 24 \u00f3ra<br \/><strong>Hord\u00f3ban \u00e9rlel\u00e9s hossza\u00a0 h\u00f3napokban:<\/strong>\u00a0<br \/><strong>Palackozva:<\/strong> szeptember 2024<br \/><strong>Alkoholtartalom:<\/strong> 13,30%<br \/><strong>Savtartalom:<\/strong> 5,67 g\/l<br \/><strong>Marad\u00e9kcukor tartalom:<\/strong> 33,50 g\/l<br \/><strong>Cukormentes extraktartalom:<\/strong> 27,40 g\/l<br \/><strong>\u00d6sszk\u00e9n tartalom:<\/strong> 97,00 mg\/l<br \/><strong>Histamin tartalom:<\/strong> &lt;0,25 mg\/l<br \/><strong>\u0170rtartalom:<\/strong> 0,50 l<\/p>\t\t\t\t\t\t<\/div>\n\t\t\t\t<\/div>\n\t\t\t\t<div class=\"elementor-element elementor-element-7b3bde6 elementor-widget elementor-widget-heading\" data-id=\"7b3bde6\" data-element_type=\"widget\" data-widget_type=\"heading.default\">\n\t\t\t\t<div class=\"elementor-widget-container\">\n\t\t\t<h5 class=\"elementor-heading-title elementor-size-default\">Bork\u00e9sz\u00edt\u00e9s<\/h5>\t\t<\/div>\n\t\t\t\t<\/div>\n\t\t\t\t<div class=\"elementor-element elementor-element-a302ae7 elementor-widget elementor-widget-text-editor\" data-id=\"a302ae7\" data-element_type=\"widget\" data-widget_type=\"text-editor.default\">\n\t\t\t\t<div class=\"elementor-widget-container\">\n\t\t\t\t\t\t\t<p>T\u00edz \u00e9ve telep\u00edtett El\u0151hegyi d\u0171l\u0151ben 27,00 mustfokkal sz\u00fcretelt organikus sz\u0151l\u0151 hagyom\u00e1nyos elj\u00e1r\u00e1sosok alkalmaz\u00e1sa mellett ker\u00fclt feldolgoz\u00e1sra.\u00a0<\/p>\t\t\t\t\t\t<\/div>\n\t\t\t\t<\/div>\n\t\t\t\t<div class=\"elementor-element elementor-element-12c10c3 elementor-hidden-desktop elementor-hidden-tablet elementor-hidden-mobile elementor-widget elementor-widget-heading\" data-id=\"12c10c3\" data-element_type=\"widget\" data-widget_type=\"heading.default\">\n\t\t\t\t<div class=\"elementor-widget-container\">\n\t\t\t<h5 class=\"elementor-heading-title elementor-size-default\">Awards<\/h5>\t\t<\/div>\n\t\t\t\t<\/div>\n\t\t\t\t<section class=\"elementor-section elementor-inner-section elementor-element elementor-element-e5f663d elementor-hidden-desktop elementor-hidden-tablet elementor-hidden-mobile elementor-section-boxed elementor-section-height-default elementor-section-height-default\" data-id=\"e5f663d\" data-element_type=\"section\">\n\t\t\t\t\t\t<div class=\"elementor-container elementor-column-gap-default\">\n\t\t\t\t\t<div class=\"elementor-column elementor-col-33 elementor-inner-column elementor-element elementor-element-42797d9\" data-id=\"42797d9\" data-element_type=\"column\">\n\t\t\t<div class=\"elementor-widget-wrap elementor-element-populated\">\n\t\t\t\t\t\t\t\t<div class=\"elementor-element elementor-element-3099fd2 elementor-headline--style-highlight elementor-widget elementor-widget-vamtam-animated-headline\" data-id=\"3099fd2\" data-element_type=\"widget\" data-settings=\"{&quot;marker&quot;:&quot;curly&quot;,&quot;highlighted_text&quot;:&quot;92\\\/100&quot;,&quot;headline_style&quot;:&quot;highlight&quot;,&quot;loop&quot;:&quot;yes&quot;,&quot;highlight_animation_duration&quot;:1200,&quot;highlight_iteration_delay&quot;:8000}\" data-widget_type=\"vamtam-animated-headline.default\">\n\t\t\t\t<div class=\"elementor-widget-container\">\n\t\t\t<link rel=\"stylesheet\" href=\"https:\/\/www.kasnyikwine.sk\/wp-content\/plugins\/elementor-pro\/assets\/css\/widget-animated-headline.min.css\">\t\t\t\t<h5 class=\"elementor-headline\">\n\t\t\t\t\t\t\t\t\t\t\t\t\t\t\t\t\t\t<span class=\"elementor-headline-plain-text elementor-headline-text-wrapper\">Falstaff\u200b: <br><\/span>\n\t\t\t\t\t\t\t\t\t\t\t\t<span class=\"elementor-headline-dynamic-wrapper elementor-headline-text-wrapper\">\n\t\t\t\t\t\t\t\t\t\t\t\t\t<span class=\"elementor-headline-dynamic-text elementor-headline-text-active\">92\/100<\/span>\n\t\t\t\t\t\t\t\t\t\t\t\t<\/span>\n\t\t\t\t\t\t\t\t\t\t\t\t\t<span class=\"elementor-headline-plain-text elementor-headline-text-wrapper\">Austria<\/span>\n\t\t\t\t\t\t\t\t\t\t\t\t\t\t\t\t<\/h5>\n\t\t\t\t\t\t<\/div>\n\t\t\t\t<\/div>\n\t\t\t\t\t<\/div>\n\t\t<\/div>\n\t\t\t\t<div class=\"elementor-column elementor-col-33 elementor-inner-column elementor-element elementor-element-c0c1ff6\" data-id=\"c0c1ff6\" data-element_type=\"column\">\n\t\t\t<div class=\"elementor-widget-wrap elementor-element-populated\">\n\t\t\t\t\t\t\t\t<div class=\"elementor-element elementor-element-eb8e263 elementor-headline--style-highlight elementor-widget elementor-widget-vamtam-animated-headline\" data-id=\"eb8e263\" data-element_type=\"widget\" data-settings=\"{&quot;marker&quot;:&quot;curly&quot;,&quot;highlighted_text&quot;:&quot;94\\\/100&quot;,&quot;headline_style&quot;:&quot;highlight&quot;,&quot;loop&quot;:&quot;yes&quot;,&quot;highlight_animation_duration&quot;:1200,&quot;highlight_iteration_delay&quot;:8000}\" data-widget_type=\"vamtam-animated-headline.default\">\n\t\t\t\t<div class=\"elementor-widget-container\">\n\t\t\t\t\t\t\t<h5 class=\"elementor-headline\">\n\t\t\t\t\t\t\t\t\t\t\t\t\t\t\t\t\t\t<span class=\"elementor-headline-plain-text elementor-headline-text-wrapper\">Daniele Cernilli: <br><\/span>\n\t\t\t\t\t\t\t\t\t\t\t\t<span class=\"elementor-headline-dynamic-wrapper elementor-headline-text-wrapper\">\n\t\t\t\t\t\t\t\t\t\t\t\t\t<span class=\"elementor-headline-dynamic-text elementor-headline-text-active\">94\/100<\/span>\n\t\t\t\t\t\t\t\t\t\t\t\t<\/span>\n\t\t\t\t\t\t\t\t\t\t\t\t\t<span class=\"elementor-headline-plain-text elementor-headline-text-wrapper\">Italy<\/span>\n\t\t\t\t\t\t\t\t\t\t\t\t\t\t\t\t<\/h5>\n\t\t\t\t\t\t<\/div>\n\t\t\t\t<\/div>\n\t\t\t\t\t<\/div>\n\t\t<\/div>\n\t\t\t\t<div class=\"elementor-column elementor-col-33 elementor-inner-column elementor-element elementor-element-9352a17\" data-id=\"9352a17\" data-element_type=\"column\">\n\t\t\t<div class=\"elementor-widget-wrap elementor-element-populated\">\n\t\t\t\t\t\t\t\t<div class=\"elementor-element elementor-element-a5369db elementor-headline--style-highlight elementor-widget elementor-widget-vamtam-animated-headline\" data-id=\"a5369db\" data-element_type=\"widget\" data-settings=\"{&quot;marker&quot;:&quot;curly&quot;,&quot;highlighted_text&quot;:&quot;Tre bicchieri&quot;,&quot;headline_style&quot;:&quot;highlight&quot;,&quot;loop&quot;:&quot;yes&quot;,&quot;highlight_animation_duration&quot;:1200,&quot;highlight_iteration_delay&quot;:8000}\" data-widget_type=\"vamtam-animated-headline.default\">\n\t\t\t\t<div class=\"elementor-widget-container\">\n\t\t\t\t\t\t\t<h5 class=\"elementor-headline\">\n\t\t\t\t\t\t\t\t\t\t\t\t\t\t\t\t\t\t<span class=\"elementor-headline-plain-text elementor-headline-text-wrapper\">Gambero Rosso\u200b: <br><\/span>\n\t\t\t\t\t\t\t\t\t\t\t\t<span class=\"elementor-headline-dynamic-wrapper elementor-headline-text-wrapper\">\n\t\t\t\t\t\t\t\t\t\t\t\t\t<span class=\"elementor-headline-dynamic-text elementor-headline-text-active\">Tre bicchieri<\/span>\n\t\t\t\t\t\t\t\t\t\t\t\t<\/span>\n\t\t\t\t\t\t\t\t\t\t\t\t\t<span class=\"elementor-headline-plain-text elementor-headline-text-wrapper\">Italy<\/span>\n\t\t\t\t\t\t\t\t\t\t\t\t\t\t\t\t<\/h5>\n\t\t\t\t\t\t<\/div>\n\t\t\t\t<\/div>\n\t\t\t\t\t<\/div>\n\t\t<\/div>\n\t\t\t\t\t\t\t<\/div>\n\t\t<\/section>\n\t\t\t\t<section class=\"elementor-section elementor-inner-section elementor-element elementor-element-49d1b4a elementor-section-boxed elementor-section-height-default elementor-section-height-default\" data-id=\"49d1b4a\" data-element_type=\"section\">\n\t\t\t\t\t\t<div class=\"elementor-container elementor-column-gap-default\">\n\t\t\t\t\t<div class=\"elementor-column elementor-col-100 elementor-inner-column elementor-element elementor-element-1ece866\" data-id=\"1ece866\" data-element_type=\"column\">\n\t\t\t<div class=\"elementor-widget-wrap elementor-element-populated\">\n\t\t\t\t\t\t\t\t<div class=\"elementor-element elementor-element-32a4c2c elementor-widget__width-initial elementor-widget-mobile__width-initial elementor-fixed elementor-hidden-tablet elementor-hidden-phone elementor-widget elementor-widget-image\" data-id=\"32a4c2c\" data-element_type=\"widget\" data-settings=\"{&quot;_position&quot;:&quot;fixed&quot;}\" data-widget_type=\"image.default\">\n\t\t\t\t<div class=\"elementor-widget-container\">\n\t\t\t<style>\/*! elementor - v3.17.0 - 08-11-2023 *\/\n.elementor-widget-image{text-align:center}.elementor-widget-image a{display:inline-block}.elementor-widget-image a img[src$=\".svg\"]{width:48px}.elementor-widget-image img{vertical-align:middle;display:inline-block}<\/style>\t\t\t\t<div class=\"elementor-image\">\n\t\t\t\t\t\t\t\t\t\t\t\t\t\t\t\t\t\t\t\t\t<img decoding=\"async\" width=\"196\" height=\"307\" src=\"https:\/\/www.kasnyikwine.sk\/wp-content\/uploads\/2020\/09\/vector-40-opacity-1.svg\" class=\"attachment-large size-large wp-image-9653\" alt=\"\" \/>\t\t\t\t\t\t\t\t\t\t\t\t\t\t\t\t\t\t\t\t\t\t\t\t<\/div>\n\t\t\t\t\t\t<\/div>\n\t\t\t\t<\/div>\n\t\t\t\t\t<\/div>\n\t\t<\/div>\n\t\t\t\t\t\t\t<\/div>\n\t\t<\/section>\n\t\t\t\t\t<\/div>\n\t\t<\/div>\n\t\t\t\t\t\t\t<\/div>\n\t\t<\/section>\n\t\t\t\t\t\t\t<\/div>\n\t\t","protected":false},"excerpt":{"rendered":"<p>K\u00f6zepes intenz\u00edv aranys\u00e1rga sz\u00edn\u0171, feh\u00e9rgy\u00fcm\u00f6lcs\u00f6s illat. Izben k\u00f6zepesen hossz\u00fa sz\u00e9p savakkal rendelkez\u0151 f\u00e9l\u00e9des feh\u00e9r bor.<\/p>\n","protected":false},"featured_media":991146,"comment_status":"closed","ping_status":"closed","template":"","meta":[],"product_cat":[90,88,87,87,87,88,112,90,90,112,112,88],"product_tag":[],"class_list":{"0":"post-990826","1":"product","2":"type-product","3":"status-publish","4":"has-post-thumbnail","6":"product_cat-alacsony-hisztamintartalmu-borok","7":"product_cat-feher-borok","8":"product_cat-bio-borok","12":"product_cat-feledes-borok","19":"first","20":"instock","21":"taxable","22":"shipping-taxable","23":"purchasable","24":"product-type-simple"},"yoast_head":"<!-- This site is optimized with the Yoast SEO plugin v21.9.1 - https:\/\/yoast.com\/wordpress\/plugins\/seo\/ -->\n<title>Sauvignon blanc 2023 - Kasnyik Wine<\/title>\n<meta name=\"robots\" content=\"index, follow, max-snippet:-1, max-image-preview:large, max-video-preview:-1\" \/>\n<link rel=\"canonical\" href=\"https:\/\/www.kasnyikwine.sk\/hu\/produkt\/sauvignon-blanc-2023\/\" \/>\n<meta property=\"og:locale\" content=\"hu_HU\" \/>\n<meta property=\"og:type\" content=\"article\" \/>\n<meta property=\"og:title\" content=\"Sauvignon blanc 2023 - Kasnyik Wine\" \/>\n<meta property=\"og:description\" content=\"K\u00f6zepes intenz\u00edv aranys\u00e1rga sz\u00edn\u0171, feh\u00e9rgy\u00fcm\u00f6lcs\u00f6s illat. Izben k\u00f6zepesen hossz\u00fa sz\u00e9p savakkal rendelkez\u0151 f\u00e9l\u00e9des feh\u00e9r bor.\" \/>\n<meta property=\"og:url\" content=\"https:\/\/www.kasnyikwine.sk\/hu\/produkt\/sauvignon-blanc-2023\/\" \/>\n<meta property=\"og:site_name\" content=\"Kasnyik Wine\" \/>\n<meta property=\"article:publisher\" content=\"https:\/\/www.facebook.com\/Kasnyikwine.sk\" \/>\n<meta property=\"article:modified_time\" content=\"2024-11-29T13:47:32+00:00\" \/>\n<meta property=\"og:image\" content=\"https:\/\/www.kasnyikwine.sk\/wp-content\/uploads\/2024\/04\/Kasnyik-Wine_Sauvignon-_10-2024.png\" \/>\n\t<meta property=\"og:image:width\" content=\"450\" \/>\n\t<meta property=\"og:image:height\" content=\"1200\" \/>\n\t<meta property=\"og:image:type\" content=\"image\/png\" \/>\n<meta name=\"twitter:card\" content=\"summary_large_image\" \/>\n<meta name=\"twitter:label1\" content=\"Becs\u00fclt olvas\u00e1si id\u0151\" \/>\n\t<meta name=\"twitter:data1\" content=\"1 perc\" \/>\n<script type=\"application\/ld+json\" class=\"yoast-schema-graph\">{\"@context\":\"https:\/\/schema.org\",\"@graph\":[{\"@type\":\"WebPage\",\"@id\":\"https:\/\/www.kasnyikwine.sk\/hu\/produkt\/sauvignon-blanc-2023\/\",\"url\":\"https:\/\/www.kasnyikwine.sk\/hu\/produkt\/sauvignon-blanc-2023\/\",\"name\":\"Sauvignon blanc 2023 - Kasnyik Wine\",\"isPartOf\":{\"@id\":\"https:\/\/www.kasnyikwine.sk\/#website\"},\"datePublished\":\"2024-11-28T07:52:36+00:00\",\"dateModified\":\"2024-11-29T13:47:32+00:00\",\"breadcrumb\":{\"@id\":\"https:\/\/www.kasnyikwine.sk\/hu\/produkt\/sauvignon-blanc-2023\/#breadcrumb\"},\"inLanguage\":\"hu\",\"potentialAction\":[{\"@type\":\"ReadAction\",\"target\":[\"https:\/\/www.kasnyikwine.sk\/hu\/produkt\/sauvignon-blanc-2023\/\"]}]},{\"@type\":\"BreadcrumbList\",\"@id\":\"https:\/\/www.kasnyikwine.sk\/hu\/produkt\/sauvignon-blanc-2023\/#breadcrumb\",\"itemListElement\":[{\"@type\":\"ListItem\",\"position\":1,\"name\":\"Domovsk\u00e1 str\u00e1nka\",\"item\":\"https:\/\/www.kasnyikwine.sk\/hu\/\"},{\"@type\":\"ListItem\",\"position\":2,\"name\":\"E-shop\",\"item\":\"https:\/\/www.kasnyikwine.sk\/obchod\/\"},{\"@type\":\"ListItem\",\"position\":3,\"name\":\"Sauvignon blanc 2023\"}]},{\"@type\":\"WebSite\",\"@id\":\"https:\/\/www.kasnyikwine.sk\/#website\",\"url\":\"https:\/\/www.kasnyikwine.sk\/\",\"name\":\"Kasnyik Wine\",\"description\":\"Rodinn\u00e9 vin\u00e1rstvo Strekov\",\"publisher\":{\"@id\":\"https:\/\/www.kasnyikwine.sk\/#organization\"},\"potentialAction\":[{\"@type\":\"SearchAction\",\"target\":{\"@type\":\"EntryPoint\",\"urlTemplate\":\"https:\/\/www.kasnyikwine.sk\/?s={search_term_string}\"},\"query-input\":\"required name=search_term_string\"}],\"inLanguage\":\"hu\"},{\"@type\":\"Organization\",\"@id\":\"https:\/\/www.kasnyikwine.sk\/#organization\",\"name\":\"Kasnyik rodinn\u00e9 vin\u00e1rstvo s.r.o.\",\"url\":\"https:\/\/www.kasnyikwine.sk\/\",\"logo\":{\"@type\":\"ImageObject\",\"inLanguage\":\"hu\",\"@id\":\"https:\/\/www.kasnyikwine.sk\/#\/schema\/logo\/image\/\",\"url\":\"https:\/\/www.kasnyikwine.sk\/wp-content\/uploads\/2020\/03\/logo_200x300-1.png\",\"contentUrl\":\"https:\/\/www.kasnyikwine.sk\/wp-content\/uploads\/2020\/03\/logo_200x300-1.png\",\"width\":298,\"height\":200,\"caption\":\"Kasnyik rodinn\u00e9 vin\u00e1rstvo s.r.o.\"},\"image\":{\"@id\":\"https:\/\/www.kasnyikwine.sk\/#\/schema\/logo\/image\/\"},\"sameAs\":[\"https:\/\/www.facebook.com\/Kasnyikwine.sk\"]}]}<\/script>\n<!-- \/ Yoast SEO plugin. -->","yoast_head_json":{"title":"Sauvignon blanc 2023 - Kasnyik Wine","robots":{"index":"index","follow":"follow","max-snippet":"max-snippet:-1","max-image-preview":"max-image-preview:large","max-video-preview":"max-video-preview:-1"},"canonical":"https:\/\/www.kasnyikwine.sk\/hu\/produkt\/sauvignon-blanc-2023\/","og_locale":"hu_HU","og_type":"article","og_title":"Sauvignon blanc 2023 - Kasnyik Wine","og_description":"K\u00f6zepes intenz\u00edv aranys\u00e1rga sz\u00edn\u0171, feh\u00e9rgy\u00fcm\u00f6lcs\u00f6s illat. Izben k\u00f6zepesen hossz\u00fa sz\u00e9p savakkal rendelkez\u0151 f\u00e9l\u00e9des feh\u00e9r bor.","og_url":"https:\/\/www.kasnyikwine.sk\/hu\/produkt\/sauvignon-blanc-2023\/","og_site_name":"Kasnyik Wine","article_publisher":"https:\/\/www.facebook.com\/Kasnyikwine.sk","article_modified_time":"2024-11-29T13:47:32+00:00","og_image":[{"width":450,"height":1200,"url":"https:\/\/www.kasnyikwine.sk\/wp-content\/uploads\/2024\/04\/Kasnyik-Wine_Sauvignon-_10-2024.png","type":"image\/png"}],"twitter_card":"summary_large_image","twitter_misc":{"Becs\u00fclt olvas\u00e1si id\u0151":"1 perc"},"schema":{"@context":"https:\/\/schema.org","@graph":[{"@type":"WebPage","@id":"https:\/\/www.kasnyikwine.sk\/hu\/produkt\/sauvignon-blanc-2023\/","url":"https:\/\/www.kasnyikwine.sk\/hu\/produkt\/sauvignon-blanc-2023\/","name":"Sauvignon blanc 2023 - Kasnyik Wine","isPartOf":{"@id":"https:\/\/www.kasnyikwine.sk\/#website"},"datePublished":"2024-11-28T07:52:36+00:00","dateModified":"2024-11-29T13:47:32+00:00","breadcrumb":{"@id":"https:\/\/www.kasnyikwine.sk\/hu\/produkt\/sauvignon-blanc-2023\/#breadcrumb"},"inLanguage":"hu","potentialAction":[{"@type":"ReadAction","target":["https:\/\/www.kasnyikwine.sk\/hu\/produkt\/sauvignon-blanc-2023\/"]}]},{"@type":"BreadcrumbList","@id":"https:\/\/www.kasnyikwine.sk\/hu\/produkt\/sauvignon-blanc-2023\/#breadcrumb","itemListElement":[{"@type":"ListItem","position":1,"name":"Domovsk\u00e1 str\u00e1nka","item":"https:\/\/www.kasnyikwine.sk\/hu\/"},{"@type":"ListItem","position":2,"name":"E-shop","item":"https:\/\/www.kasnyikwine.sk\/obchod\/"},{"@type":"ListItem","position":3,"name":"Sauvignon blanc 2023"}]},{"@type":"WebSite","@id":"https:\/\/www.kasnyikwine.sk\/#website","url":"https:\/\/www.kasnyikwine.sk\/","name":"Kasnyik Wine","description":"Rodinn\u00e9 vin\u00e1rstvo Strekov","publisher":{"@id":"https:\/\/www.kasnyikwine.sk\/#organization"},"potentialAction":[{"@type":"SearchAction","target":{"@type":"EntryPoint","urlTemplate":"https:\/\/www.kasnyikwine.sk\/?s={search_term_string}"},"query-input":"required name=search_term_string"}],"inLanguage":"hu"},{"@type":"Organization","@id":"https:\/\/www.kasnyikwine.sk\/#organization","name":"Kasnyik rodinn\u00e9 vin\u00e1rstvo s.r.o.","url":"https:\/\/www.kasnyikwine.sk\/","logo":{"@type":"ImageObject","inLanguage":"hu","@id":"https:\/\/www.kasnyikwine.sk\/#\/schema\/logo\/image\/","url":"https:\/\/www.kasnyikwine.sk\/wp-content\/uploads\/2020\/03\/logo_200x300-1.png","contentUrl":"https:\/\/www.kasnyikwine.sk\/wp-content\/uploads\/2020\/03\/logo_200x300-1.png","width":298,"height":200,"caption":"Kasnyik rodinn\u00e9 vin\u00e1rstvo s.r.o."},"image":{"@id":"https:\/\/www.kasnyikwine.sk\/#\/schema\/logo\/image\/"},"sameAs":["https:\/\/www.facebook.com\/Kasnyikwine.sk"]}]}},"_links":{"self":[{"href":"https:\/\/www.kasnyikwine.sk\/hu\/wp-json\/wp\/v2\/product\/990826","targetHints":{"allow":["GET"]}}],"collection":[{"href":"https:\/\/www.kasnyikwine.sk\/hu\/wp-json\/wp\/v2\/product"}],"about":[{"href":"https:\/\/www.kasnyikwine.sk\/hu\/wp-json\/wp\/v2\/types\/product"}],"replies":[{"embeddable":true,"href":"https:\/\/www.kasnyikwine.sk\/hu\/wp-json\/wp\/v2\/comments?post=990826"}],"version-history":[{"count":5,"href":"https:\/\/www.kasnyikwine.sk\/hu\/wp-json\/wp\/v2\/product\/990826\/revisions"}],"predecessor-version":[{"id":990894,"href":"https:\/\/www.kasnyikwine.sk\/hu\/wp-json\/wp\/v2\/product\/990826\/revisions\/990894"}],"wp:featuredmedia":[{"embeddable":true,"href":"https:\/\/www.kasnyikwine.sk\/hu\/wp-json\/wp\/v2\/media\/991146"}],"wp:attachment":[{"href":"https:\/\/www.kasnyikwine.sk\/hu\/wp-json\/wp\/v2\/media?parent=990826"}],"wp:term":[{"taxonomy":"product_cat","embeddable":true,"href":"https:\/\/www.kasnyikwine.sk\/hu\/wp-json\/wp\/v2\/product_cat?post=990826"},{"taxonomy":"product_tag","embeddable":true,"href":"https:\/\/www.kasnyikwine.sk\/hu\/wp-json\/wp\/v2\/product_tag?post=990826"}],"curies":[{"name":"wp","href":"https:\/\/api.w.org\/{rel}","templated":true}]}}