{"id":990067,"date":"2024-01-25T10:46:30","date_gmt":"2024-01-25T09:46:30","guid":{"rendered":"https:\/\/www.kasnyikwine.sk\/reklamacny-poriadok\/"},"modified":"2024-01-25T10:46:31","modified_gmt":"2024-01-25T09:46:31","slug":"reklamacny-poriadok","status":"publish","type":"page","link":"https:\/\/www.kasnyikwine.sk\/en\/reklamacny-poriadok\/","title":{"rendered":"Reklama\u010dn\u00fd poriadok"},"content":{"rendered":"\t\t<div data-elementor-type=\"wp-page\" data-elementor-id=\"990067\" class=\"elementor elementor-990067 elementor-988990\" data-elementor-post-type=\"page\">\n\t\t\t\t\t\t\t\t\t<section class=\"elementor-section elementor-top-section elementor-element elementor-element-f8ac5d8 elementor-section-boxed elementor-section-height-default elementor-section-height-default\" data-id=\"f8ac5d8\" data-element_type=\"section\">\n\t\t\t\t\t\t<div class=\"elementor-container elementor-column-gap-default\">\n\t\t\t\t\t<div class=\"elementor-column elementor-col-100 elementor-top-column elementor-element elementor-element-f306121\" data-id=\"f306121\" data-element_type=\"column\">\n\t\t\t<div class=\"elementor-widget-wrap elementor-element-populated\">\n\t\t\t\t\t\t\t\t<div class=\"elementor-element elementor-element-d4491db elementor-widget elementor-widget-text-editor\" data-id=\"d4491db\" data-element_type=\"widget\" data-widget_type=\"text-editor.default\">\n\t\t\t\t<div class=\"elementor-widget-container\">\n\t\t\t<style>\/*! elementor - v3.17.0 - 08-11-2023 *\/\n.elementor-widget-text-editor.elementor-drop-cap-view-stacked .elementor-drop-cap{background-color:#69727d;color:#fff}.elementor-widget-text-editor.elementor-drop-cap-view-framed .elementor-drop-cap{color:#69727d;border:3px solid;background-color:transparent}.elementor-widget-text-editor:not(.elementor-drop-cap-view-default) .elementor-drop-cap{margin-top:8px}.elementor-widget-text-editor:not(.elementor-drop-cap-view-default) .elementor-drop-cap-letter{width:1em;height:1em}.elementor-widget-text-editor .elementor-drop-cap{float:left;text-align:center;line-height:1;font-size:50px}.elementor-widget-text-editor .elementor-drop-cap-letter{display:inline-block}<\/style>\t\t\t\t<p>Pr\u00edloha:<br \/><a href=\"\/wp-content\/uploads\/2023\/12\/Priloha-c.-1-Obchodnych-podmienok-_odstupenie-od-zmluvy.docx\">1. Vzorov\u00fd formul\u00e1r na odst\u00fapenie od zmluvy \u00bb<\/a><\/p>\n<p><strong>1. \u00davodn\u00e9 ustanovenia<\/strong><\/p>\n<p>1.1. Spolo\u010dnos\u0165 Kasnyik rodinn\u00e9 vin\u00e1rstvo s.r.o., Jarmo\u010dn\u00e9 \u010d.1117 , 941 37 Strekov, I\u010cO: 45896453, (\u010falej Kasnyikwine alebo pred\u00e1vaj\u00faci) t\u00fdmto reklama\u010dn\u00fdm poriadkom v s\u00falade s \u00a7 18 ods. 1 z\u00e1kona \u010d. 250\/2007 Z. z. o ochrane spotrebite\u013ea a o zmene z\u00e1kona \u010d. 372\/1990 Zb. o priestupkoch v znen\u00ed neskor\u0161\u00edch predpisov (\u010falej len \u201eZ\u00e1kon o ochrane spotrebite\u013ea\u201c) riadne informuje spotrebite\u013ea (\u010falej z\u00e1kazn\u00edk alebo kupuj\u00faci) o podmienkach a sp\u00f4sobe uplatnenia pr\u00e1v zo zodpovednosti za vady (\u010falej aj reklam\u00e1cia) vr\u00e1tane \u00fadajov o tom, kde m\u00f4\u017ee reklam\u00e1ciu uplatni\u0165.<\/p>\n<p>1.2. Tento reklama\u010dn\u00fd poriadok je vydan\u00fd v s\u00falade so z\u00e1konom \u010d. 40\/1964 Zb. Ob\u010diansky z\u00e1konn\u00edk v znen\u00ed neskor\u0161\u00edch predpisov (\u010falej len \u201eOb\u010diansky z\u00e1konn\u00edk\u201c), Z\u00e1konom o ochrane spotrebite\u013ea, ako aj ostatn\u00fdmi v\u0161eobecne z\u00e1v\u00e4zn\u00fdmi pr\u00e1vnymi predpismi Slovenskej republiky.<\/p>\n<p>1.3. Tento reklama\u010dn\u00fd poriadok je v s\u00falade s \u00a7 18 ods. 1 Z\u00e1kona o ochrane spotrebite\u013ea umiestnen\u00fd na vidite\u013enom mieste dostupnom z\u00e1kazn\u00edkovi v kamennej predajni Kasnyikwine a z\u00e1rove\u0148 je zverejnen\u00fd na internetovej str\u00e1nke www.kasnyikwine.sk<\/p>\n<p>1.4. Bez oh\u013eadu na in\u00e9 ustanovenia, pokia\u013e je druhou zmluvnou stranou k\u00fapnej zmluvy podnikate\u013e (pri\u010dom sa m\u00e1 za to, \u017ee ak kupuj\u00faci pri objedn\u00e1vke tovaru uviedol svoje I\u010cO, nakupuje ako podnikate\u013e), z\u00e1ruka za tovar je poskytovan\u00e1 v\u00fdhradne v rozsahu stanovenom z\u00e1ru\u010dn\u00fdmi podmienkami v\u00fdrobcu tovaru v s\u00falade s \u00a7 429 ods. 2 Obchodn\u00e9ho z\u00e1konn\u00edka, o ktor\u00fdch bude kupuj\u00faci \u2013 podnikate\u013e informovan\u00fd a inak sa zodpovednos\u0165 pred\u00e1vaj\u00faceho za vady riadi v\u00fdhradne pr\u00edslu\u0161n\u00fdmi ustanoveniami Obchodn\u00e9ho z\u00e1konn\u00edka.<\/p>\n<p><b>2. Zodpovednos\u0165 za vady predan\u00e9ho tovaru<\/b><\/p>\n<p>2.1. Kasnyikwine zodpoved\u00e1 za vady, ktor\u00e9 m\u00e1 predan\u00fd tovar pri prevzat\u00ed kupuj\u00facim (\u00a7 619 ods. 1 Ob\u010dianskeho z\u00e1konn\u00edka).<\/p>\n<p>2.2. Pri tovaroch pred\u00e1van\u00fdch za ni\u017e\u0161iu cenu z d\u00f4vodu vady Kasnyikwine nezodpoved\u00e1 za vadu, pre ktor\u00fa bola dojednan\u00e1 ni\u017e\u0161ia cena (\u00a7619 Ob\u010dianskeho z\u00e1konn\u00edka).<\/p>\n<p>2.3. Ak asnyikwine pri k\u00fape tovaru pon\u00faka z\u00e1kazn\u00edkovi k predan\u00e9mu tovaru bezplatne \u010fal\u0161\u00ed tovar ako dar, je na z\u00e1kazn\u00edkovi, \u010di pon\u00fakan\u00fd dar prijme. Dar v\u0161ak nie je predan\u00fdm tovarom, preto Kasnyikwine nezodpoved\u00e1 za jeho pr\u00edpadn\u00e9 vady. Ak v\u0161ak Kasnyikwine o pr\u00edpadn\u00fdch vad\u00e1ch daru vie, je povinn\u00fd na ne z\u00e1kazn\u00edka pri ponuke daru upozorni\u0165 (\u00a7 629 Ob\u010dianskeho z\u00e1konn\u00edka). Ak m\u00e1 dar vady, na ktor\u00e9 Kasnyikwine z\u00e1kazn\u00edka neupozornil, je z\u00e1kazn\u00edk opr\u00e1vnen\u00fd ho vr\u00e1ti\u0165 (\u00a7 629 Ob\u010dianskeho z\u00e1konn\u00edka). Ak z\u00e1kazn\u00edkovi vznikne pr\u00e1vo na odst\u00fapenie od zmluvy (vr\u00e1tenie pe\u0148az\u00ed), je z\u00e1kazn\u00edk povinn\u00fd vr\u00e1ti\u0165 pre Kasnyikwine v\u0161etko, \u010do pod\u013ea zmluvy dostal, t.j. aj tovar prijat\u00fd ako dar (\u00a7 457 Ob\u010dianskeho z\u00e1konn\u00edka v spojen\u00ed s \u00a7 48 ods. 2 Ob\u010dianskeho z\u00e1konn\u00edka).<\/p>\n<p><b>3.Uplatnenie pr\u00e1v zo zodpovednosti za vady (reklam\u00e1cie)<\/b><\/p>\n<p>3.1. Kupuj\u00faci si uplat\u0148uje pr\u00e1vo na reklam\u00e1ciu osobne, po\u0161tou, elektronicky alebo telefonicky. Osobne v s\u00eddle spolo\u010dnosti Kasnyik rodinn\u00e9 vin\u00e1rstvo s.r.o., Jarmo\u010dn\u00e9 \u010d.1117 , v Strekove. Telefonicky na telef\u00f3nnom \u010d\u00edsle 00421 903 251 950, elektronicky na e-mailovej winery@kasnyikwine.sk, alebo po\u0161tou na adrese Kasnyik rodinn\u00e9 vin\u00e1rstvo s.r.o., Jarmo\u010dn\u00e9 \u010d.1117 Strekov 94137.<\/p>\n<p>3.2. Ostatn\u00e9 pr\u00e1va zo zodpovednosti za vady, t.j. pr\u00e1vo na v\u00fdmenu tovaru, pr\u00e1vo na odst\u00fapenie od k\u00fapnej zmluvy (vr\u00e1tenie pe\u0148az\u00ed) a pr\u00e1vo na primeran\u00fa z\u013eavu si kupuj\u00faci uplat\u0148uje v v s\u00eddle spolo\u010dnosti Kasnyikwine na Jarmo\u010dnej 1117 v Strekove. <\/p>\n<p>3.3. Pred\u00e1vaj\u00faci alebo n\u00edm poveren\u00fd zamestnanec je povinn\u00fd na z\u00e1klade rozhodnutia kupuj\u00faceho o tom, ktor\u00e9 z pr\u00e1v si uplat\u0148uje, ur\u010di\u0165 sp\u00f4sob vybavenia reklam\u00e1cie ihne\u010f, v zlo\u017eit\u00fdch pr\u00edpadoch najnesk\u00f4r do 3 pracovn\u00fdch dn\u00ed odo d\u0148a uplatnenia reklam\u00e1cie. <\/p>\n<p>3.4. Pred\u00e1vaj\u00faci je povinn\u00fd pri uplatnen\u00ed reklam\u00e1cie vyda\u0165 z\u00e1kazn\u00edkovi potvrdenie (\u00a7 18 ods. 8 Z\u00e1kona o ochrane spotrebite\u013ea).<\/p>\n<p>3.5. Pred\u00e1vaj\u00faci je povinn\u00fd o vybaven\u00ed reklam\u00e1cie vyda\u0165 z\u00e1kazn\u00edkovi p\u00edsomn\u00fd doklad najnesk\u00f4r do 30 dn\u00ed od d\u00e1tumu uplatnenia reklam\u00e1cie (\u00a7 18 ods. 9 Z\u00e1kona o ochrane spotrebite\u013ea).<\/p>\n<p><b>4.V\u0161eobecn\u00e9 podmienky reklam\u00e1cie<\/b><\/p>\n<p>Pri predkladan\u00ed tovaru na reklam\u00e1ciu:<\/p>\n<p>&#8211; je potrebn\u00e9 predlo\u017ei\u0165 doklad o k\u00fape, pr\u00edpadne in\u00fdm sp\u00f4sobom nevzbudzuj\u00facim pochybnosti preuk\u00e1za\u0165, \u017ee tovar bol k\u00fapen\u00fd u pred\u00e1vaj\u00faceho.<\/p>\n<p>&#8211; je potrebn\u00e9, aby tovar sp\u013a\u0148al v\u0161etky ostatn\u00e9 podmienky pre reklam\u00e1ciu (fyzicky nepo\u0161koden\u00fd, nepo\u0161koden\u00fd \u017eivelnou udalos\u0165ou, neporu\u0161en\u00e9 obaly at\u010f.),<\/p>\n<p><b>5. Sp\u00f4sob vybavenia reklam\u00e1cie<\/b><\/p>\n<p>  5.1. Ak ide o vadu, ktor\u00fa mo\u017eno odstr\u00e1ni\u0165, m\u00e1 kupuj\u00faci pr\u00e1vo na jej bezplatn\u00e9, v\u010dasn\u00e9 a riadne odstr\u00e1nenie. O sp\u00f4sobe odstr\u00e1nenia vady rozhoduje pred\u00e1vaj\u00faci a je povinn\u00fd vadu bez zbyto\u010dn\u00e9ho odkladu odstr\u00e1ni\u0165 (\u00a7 622 ods. 1 Ob\u010dianskeho z\u00e1konn\u00edka).<\/p>\n<p>5.2. Kupuj\u00faci m\u00f4\u017ee namiesto odstr\u00e1nenia vady po\u017eadova\u0165 v\u00fdmenu tovaru.<\/p>\n<p>5.3. Pred\u00e1vaj\u00faci m\u00f4\u017ee v\u017edy namiesto odstr\u00e1nenia vady vymeni\u0165 vadn\u00fd tovar za bezvadn\u00fd, ak to kupuj\u00facemu nesp\u00f4sob\u00ed z\u00e1va\u017en\u00e9 \u0165a\u017ekosti (\u00a7 622 ods. 3 Ob\u010dianskeho z\u00e1konn\u00edka).<\/p>\n<p>5.4. Ak ide o vadu, ktor\u00fa nemo\u017eno odstr\u00e1ni\u0165, a ktor\u00e1 br\u00e1ni tomu, aby sa tovar mohol riadne u\u017e\u00edva\u0165 ako tovar bez vady, m\u00e1 kupuj\u00faci pr\u00e1vo na v\u00fdmenu tovaru alebo pr\u00e1vo na odst\u00fapenie od k\u00fapnej zmluvy (vr\u00e1tenie pe\u0148az\u00ed) (\u00a7 623 ods. 1 Ob\u010dianskeho z\u00e1konn\u00edka).<\/p>\n<p>5.5. Kupuj\u00faci m\u00e1 pr\u00e1vo na v\u00fdmenu tovaru alebo pr\u00e1vo na odst\u00fapenie od zmluvy (vr\u00e1tenie pe\u0148az\u00ed) aj vtedy, ak ide s\u00edce o odstr\u00e1nite\u013en\u00fa vadu, av\u0161ak kupuj\u00faci nem\u00f4\u017ee pre op\u00e4tovn\u00e9 vyskytnutie sa vady po oprave tovar riadne u\u017e\u00edva\u0165 (\u00a7 623 ods. 1 Ob\u010dianskeho z\u00e1konn\u00edka). Za op\u00e4tovn\u00e9 vyskytnutie sa vady po oprave sa pova\u017euje stav, ak sa rovnak\u00e1 vada vyskytne tret\u00ed kr\u00e1t.<\/p>\n<p>5.6. Kupuj\u00faci m\u00e1 pr\u00e1vo na v\u00fdmenu tovaru alebo pr\u00e1vo na odst\u00fapenie od zmluvy (vr\u00e1tenie pe\u0148az\u00ed) aj vtedy, ak ide s\u00edce o odstr\u00e1nite\u013en\u00e9 vady, av\u0161ak kupuj\u00faci nem\u00f4\u017ee pre v\u00e4\u010d\u0161\u00ed po\u010det v\u00e1d vec riadne u\u017e\u00edva\u0165. Za v\u00e4\u010d\u0161\u00ed po\u010det v\u00e1d sa pova\u017euj\u00fa s\u00fa\u010dasne najmenej tri r\u00f4zne odstr\u00e1nite\u013en\u00e9 vady, pri\u010dom ka\u017ed\u00e1 z nich br\u00e1ni v riadnom u\u017e\u00edvan\u00ed.<\/p>\n<p>5.7. Ak pred\u00e1vaj\u00faci reklam\u00e1ciu nevybav\u00ed do 30 dn\u00ed od jej uplatnenia, kupuj\u00faci m\u00e1 pr\u00e1vo na v\u00fdmenu tovaru alebo vr\u00e1tenie pe\u0148az\u00ed (odst\u00fapenie od zmluvy).<\/p>\n<p>5.8. Ak ide o neodstr\u00e1nite\u013en\u00fa vadu, ktor\u00e1 v\u0161ak nebr\u00e1ni riadnemu u\u017e\u00edvaniu tovaru, m\u00e1 kupuj\u00faci pr\u00e1vo na primeran\u00fa z\u013eavu z ceny v\u00fdrobku.<\/p>\n<p>5.9. Ak m\u00e1 kupuj\u00faci pr\u00e1vo na v\u00fdmenu tovaru alebo pr\u00e1vo na odst\u00fapenie od zmluvy (vr\u00e1tenie pe\u0148az\u00ed), z\u00e1le\u017e\u00ed na kupuj\u00facom, ktor\u00e9 z t\u00fdchto pr\u00e1v si uplatn\u00ed. Len \u010do si v\u0161ak zvol\u00ed jedno z t\u00fdchto pr\u00e1v, nem\u00f4\u017ee u\u017e t\u00fato vo\u013ebu s\u00e1m jednostranne meni\u0165.<\/p>\n<p>V Strekove, d\u0148a 8. decembra 2023 <\/p>\n<p>Tom\u00e1\u0161 Kasnyik, konate\u013e spolo\u010dnosti<\/p>\n\t\t\t\t\t\t<\/div>\n\t\t\t\t<\/div>\n\t\t\t\t\t<\/div>\n\t\t<\/div>\n\t\t\t\t\t\t\t<\/div>\n\t\t<\/section>\n\t\t\t\t\t\t\t<\/div>\n\t\t","protected":false},"excerpt":{"rendered":"<p>Pr\u00edloha:1. Vzorov\u00fd formul\u00e1r na odst\u00fapenie od zmluvy \u00bb 1. \u00davodn\u00e9 ustanovenia 1.1. Spolo\u010dnos\u0165 Kasnyik rodinn\u00e9 vin\u00e1rstvo s.r.o., Jarmo\u010dn\u00e9 \u010d.1117 , 941 37 Strekov, I\u010cO: 45896453, (\u010falej Kasnyikwine alebo pred\u00e1vaj\u00faci) t\u00fdmto reklama\u010dn\u00fdm poriadkom v s\u00falade s \u00a7 18 ods. 1 z\u00e1kona \u010d. 250\/2007 Z. z. o ochrane spotrebite\u013ea a o zmene z\u00e1kona \u010d. 372\/1990 Zb. o&#8230;<\/p>\n","protected":false},"author":1,"featured_media":0,"parent":0,"menu_order":0,"comment_status":"closed","ping_status":"closed","template":"","meta":{"footnotes":""},"class_list":["post-990067","page","type-page","status-publish","hentry"],"yoast_head":"<!-- This site is optimized with the Yoast SEO plugin v21.9.1 - https:\/\/yoast.com\/wordpress\/plugins\/seo\/ -->\n<title>Reklama\u010dn\u00fd poriadok - Kasnyik Wine<\/title>\n<meta name=\"robots\" content=\"index, follow, max-snippet:-1, max-image-preview:large, max-video-preview:-1\" \/>\n<link rel=\"canonical\" href=\"https:\/\/www.kasnyikwine.sk\/en\/reklamacny-poriadok\/\" \/>\n<meta property=\"og:locale\" content=\"en_US\" \/>\n<meta property=\"og:type\" content=\"article\" \/>\n<meta property=\"og:title\" content=\"Reklama\u010dn\u00fd poriadok - Kasnyik Wine\" \/>\n<meta property=\"og:description\" content=\"Pr\u00edloha:1. Vzorov\u00fd formul\u00e1r na odst\u00fapenie od zmluvy \u00bb 1. \u00davodn\u00e9 ustanovenia 1.1. Spolo\u010dnos\u0165 Kasnyik rodinn\u00e9 vin\u00e1rstvo s.r.o., Jarmo\u010dn\u00e9 \u010d.1117 , 941 37 Strekov, I\u010cO: 45896453, (\u010falej Kasnyikwine alebo pred\u00e1vaj\u00faci) t\u00fdmto reklama\u010dn\u00fdm poriadkom v s\u00falade s \u00a7 18 ods. 1 z\u00e1kona \u010d. 250\/2007 Z. z. o ochrane spotrebite\u013ea a o zmene z\u00e1kona \u010d. 372\/1990 Zb. o...\" \/>\n<meta property=\"og:url\" content=\"https:\/\/www.kasnyikwine.sk\/en\/reklamacny-poriadok\/\" \/>\n<meta property=\"og:site_name\" content=\"Kasnyik Wine\" \/>\n<meta property=\"article:publisher\" content=\"https:\/\/www.facebook.com\/Kasnyikwine.sk\" \/>\n<meta property=\"article:modified_time\" content=\"2024-01-25T09:46:31+00:00\" \/>\n<meta name=\"twitter:card\" content=\"summary_large_image\" \/>\n<meta name=\"twitter:label1\" content=\"Est. reading time\" \/>\n\t<meta name=\"twitter:data1\" content=\"6 minutes\" \/>\n<script type=\"application\/ld+json\" class=\"yoast-schema-graph\">{\"@context\":\"https:\/\/schema.org\",\"@graph\":[{\"@type\":\"WebPage\",\"@id\":\"https:\/\/www.kasnyikwine.sk\/en\/reklamacny-poriadok\/\",\"url\":\"https:\/\/www.kasnyikwine.sk\/en\/reklamacny-poriadok\/\",\"name\":\"Reklama\u010dn\u00fd poriadok - Kasnyik Wine\",\"isPartOf\":{\"@id\":\"https:\/\/www.kasnyikwine.sk\/#website\"},\"datePublished\":\"2024-01-25T09:46:30+00:00\",\"dateModified\":\"2024-01-25T09:46:31+00:00\",\"breadcrumb\":{\"@id\":\"https:\/\/www.kasnyikwine.sk\/en\/reklamacny-poriadok\/#breadcrumb\"},\"inLanguage\":\"en-US\",\"potentialAction\":[{\"@type\":\"ReadAction\",\"target\":[\"https:\/\/www.kasnyikwine.sk\/en\/reklamacny-poriadok\/\"]}]},{\"@type\":\"BreadcrumbList\",\"@id\":\"https:\/\/www.kasnyikwine.sk\/en\/reklamacny-poriadok\/#breadcrumb\",\"itemListElement\":[{\"@type\":\"ListItem\",\"position\":1,\"name\":\"Domovsk\u00e1 str\u00e1nka\",\"item\":\"https:\/\/www.kasnyikwine.sk\/en\/\"},{\"@type\":\"ListItem\",\"position\":2,\"name\":\"Reklama\u010dn\u00fd poriadok\"}]},{\"@type\":\"WebSite\",\"@id\":\"https:\/\/www.kasnyikwine.sk\/#website\",\"url\":\"https:\/\/www.kasnyikwine.sk\/\",\"name\":\"Kasnyik Wine\",\"description\":\"Rodinn\u00e9 vin\u00e1rstvo Strekov\",\"publisher\":{\"@id\":\"https:\/\/www.kasnyikwine.sk\/#organization\"},\"potentialAction\":[{\"@type\":\"SearchAction\",\"target\":{\"@type\":\"EntryPoint\",\"urlTemplate\":\"https:\/\/www.kasnyikwine.sk\/?s={search_term_string}\"},\"query-input\":\"required name=search_term_string\"}],\"inLanguage\":\"en-US\"},{\"@type\":\"Organization\",\"@id\":\"https:\/\/www.kasnyikwine.sk\/#organization\",\"name\":\"Kasnyik rodinn\u00e9 vin\u00e1rstvo s.r.o.\",\"url\":\"https:\/\/www.kasnyikwine.sk\/\",\"logo\":{\"@type\":\"ImageObject\",\"inLanguage\":\"en-US\",\"@id\":\"https:\/\/www.kasnyikwine.sk\/#\/schema\/logo\/image\/\",\"url\":\"https:\/\/www.kasnyikwine.sk\/wp-content\/uploads\/2020\/03\/logo_200x300-1.png\",\"contentUrl\":\"https:\/\/www.kasnyikwine.sk\/wp-content\/uploads\/2020\/03\/logo_200x300-1.png\",\"width\":298,\"height\":200,\"caption\":\"Kasnyik rodinn\u00e9 vin\u00e1rstvo s.r.o.\"},\"image\":{\"@id\":\"https:\/\/www.kasnyikwine.sk\/#\/schema\/logo\/image\/\"},\"sameAs\":[\"https:\/\/www.facebook.com\/Kasnyikwine.sk\"]}]}<\/script>\n<!-- \/ Yoast SEO plugin. -->","yoast_head_json":{"title":"Reklama\u010dn\u00fd poriadok - Kasnyik Wine","robots":{"index":"index","follow":"follow","max-snippet":"max-snippet:-1","max-image-preview":"max-image-preview:large","max-video-preview":"max-video-preview:-1"},"canonical":"https:\/\/www.kasnyikwine.sk\/en\/reklamacny-poriadok\/","og_locale":"en_US","og_type":"article","og_title":"Reklama\u010dn\u00fd poriadok - Kasnyik Wine","og_description":"Pr\u00edloha:1. Vzorov\u00fd formul\u00e1r na odst\u00fapenie od zmluvy \u00bb 1. \u00davodn\u00e9 ustanovenia 1.1. Spolo\u010dnos\u0165 Kasnyik rodinn\u00e9 vin\u00e1rstvo s.r.o., Jarmo\u010dn\u00e9 \u010d.1117 , 941 37 Strekov, I\u010cO: 45896453, (\u010falej Kasnyikwine alebo pred\u00e1vaj\u00faci) t\u00fdmto reklama\u010dn\u00fdm poriadkom v s\u00falade s \u00a7 18 ods. 1 z\u00e1kona \u010d. 250\/2007 Z. z. o ochrane spotrebite\u013ea a o zmene z\u00e1kona \u010d. 372\/1990 Zb. o...","og_url":"https:\/\/www.kasnyikwine.sk\/en\/reklamacny-poriadok\/","og_site_name":"Kasnyik Wine","article_publisher":"https:\/\/www.facebook.com\/Kasnyikwine.sk","article_modified_time":"2024-01-25T09:46:31+00:00","twitter_card":"summary_large_image","twitter_misc":{"Est. reading time":"6 minutes"},"schema":{"@context":"https:\/\/schema.org","@graph":[{"@type":"WebPage","@id":"https:\/\/www.kasnyikwine.sk\/en\/reklamacny-poriadok\/","url":"https:\/\/www.kasnyikwine.sk\/en\/reklamacny-poriadok\/","name":"Reklama\u010dn\u00fd poriadok - Kasnyik Wine","isPartOf":{"@id":"https:\/\/www.kasnyikwine.sk\/#website"},"datePublished":"2024-01-25T09:46:30+00:00","dateModified":"2024-01-25T09:46:31+00:00","breadcrumb":{"@id":"https:\/\/www.kasnyikwine.sk\/en\/reklamacny-poriadok\/#breadcrumb"},"inLanguage":"en-US","potentialAction":[{"@type":"ReadAction","target":["https:\/\/www.kasnyikwine.sk\/en\/reklamacny-poriadok\/"]}]},{"@type":"BreadcrumbList","@id":"https:\/\/www.kasnyikwine.sk\/en\/reklamacny-poriadok\/#breadcrumb","itemListElement":[{"@type":"ListItem","position":1,"name":"Domovsk\u00e1 str\u00e1nka","item":"https:\/\/www.kasnyikwine.sk\/en\/"},{"@type":"ListItem","position":2,"name":"Reklama\u010dn\u00fd poriadok"}]},{"@type":"WebSite","@id":"https:\/\/www.kasnyikwine.sk\/#website","url":"https:\/\/www.kasnyikwine.sk\/","name":"Kasnyik Wine","description":"Rodinn\u00e9 vin\u00e1rstvo Strekov","publisher":{"@id":"https:\/\/www.kasnyikwine.sk\/#organization"},"potentialAction":[{"@type":"SearchAction","target":{"@type":"EntryPoint","urlTemplate":"https:\/\/www.kasnyikwine.sk\/?s={search_term_string}"},"query-input":"required name=search_term_string"}],"inLanguage":"en-US"},{"@type":"Organization","@id":"https:\/\/www.kasnyikwine.sk\/#organization","name":"Kasnyik rodinn\u00e9 vin\u00e1rstvo s.r.o.","url":"https:\/\/www.kasnyikwine.sk\/","logo":{"@type":"ImageObject","inLanguage":"en-US","@id":"https:\/\/www.kasnyikwine.sk\/#\/schema\/logo\/image\/","url":"https:\/\/www.kasnyikwine.sk\/wp-content\/uploads\/2020\/03\/logo_200x300-1.png","contentUrl":"https:\/\/www.kasnyikwine.sk\/wp-content\/uploads\/2020\/03\/logo_200x300-1.png","width":298,"height":200,"caption":"Kasnyik rodinn\u00e9 vin\u00e1rstvo s.r.o."},"image":{"@id":"https:\/\/www.kasnyikwine.sk\/#\/schema\/logo\/image\/"},"sameAs":["https:\/\/www.facebook.com\/Kasnyikwine.sk"]}]}},"_links":{"self":[{"href":"https:\/\/www.kasnyikwine.sk\/en\/wp-json\/wp\/v2\/pages\/990067","targetHints":{"allow":["GET"]}}],"collection":[{"href":"https:\/\/www.kasnyikwine.sk\/en\/wp-json\/wp\/v2\/pages"}],"about":[{"href":"https:\/\/www.kasnyikwine.sk\/en\/wp-json\/wp\/v2\/types\/page"}],"author":[{"embeddable":true,"href":"https:\/\/www.kasnyikwine.sk\/en\/wp-json\/wp\/v2\/users\/1"}],"replies":[{"embeddable":true,"href":"https:\/\/www.kasnyikwine.sk\/en\/wp-json\/wp\/v2\/comments?post=990067"}],"version-history":[{"count":1,"href":"https:\/\/www.kasnyikwine.sk\/en\/wp-json\/wp\/v2\/pages\/990067\/revisions"}],"predecessor-version":[{"id":990068,"href":"https:\/\/www.kasnyikwine.sk\/en\/wp-json\/wp\/v2\/pages\/990067\/revisions\/990068"}],"wp:attachment":[{"href":"https:\/\/www.kasnyikwine.sk\/en\/wp-json\/wp\/v2\/media?parent=990067"}],"curies":[{"name":"wp","href":"https:\/\/api.w.org\/{rel}","templated":true}]}}